{"id":408,"date":"2023-08-11T16:40:09","date_gmt":"2023-08-11T16:40:09","guid":{"rendered":"https:\/\/dev.healthcare-tourism.com\/?page_id=408"},"modified":"2023-10-23T23:06:42","modified_gmt":"2023-10-23T23:06:42","slug":"privacy-notice","status":"publish","type":"page","link":"https:\/\/healthcare-tourism.com\/es\/privacy-notice\/","title":{"rendered":"Aviso de privacidad"},"content":{"rendered":"<h2 class=\"wp-block-heading\"><strong>Aviso de Privacidad Corporativo Hospital Sat\u00e9lite S.A. de C.V.<\/strong><\/h2>\n<p>&nbsp;<\/p>\n<p>Corporativo Hospital Sat\u00e9lite, S. A. de C. V., con domicilio en: Circuito Misioneros n\u00famero 5, Ciudad Sat\u00e9lite, C.P. 53100, Naucalpan de Ju\u00e1rez, Estado de M\u00e9xico, es responsable de la obtenci\u00f3n de sus datos personales y\/o sensibles y del uso que se les da, as\u00ed como su resguardo. Sugerimos que se lea a continuaci\u00f3n el aviso de privacidad, con la finalidad de revisar el tratamiento de la informaci\u00f3n personal que se recopila en nuestro sitio web, y los dominios que tengan la marca registrada Hospital Sat\u00e9lite\u00ae.<\/p>\n<p><strong>Uso de la informaci\u00f3n personal recopilada acerca de usted.<\/strong><\/p>\n<p>Corporativo Hospital Sat\u00e9lite, S. A. de C. V., no recopila datos personales de identificaci\u00f3n sobre los usuarios, a excepci\u00f3n cuando estos de manera voluntaria y con pleno conocimiento los proporcionan al registrarse para solicitar informaci\u00f3n sobre los productos y servicios que ofrece Corporativo Hospital Sat\u00e9lite, S.A. de C.V. en el sitio<\/p>\n<p><strong>Datos solicitados<\/strong><\/p>\n<p>Los datos personales son: nombre completo, domicilio, fecha de nacimiento, g\u00e9nero, correo electr\u00f3nico, tel\u00e9fono (m\u00f3vil y\/o fijo) y datos fiscales (Registro Federal de Contribuyentes).<\/p>\n<p>Finalidades Primarias:<\/p>\n<ul>\n<li>Prestaci\u00f3n de servicios m\u00e9dico-hospitalarios, (cita a consultorios, an\u00e1lisis de laboratorio, imagenolog\u00eda, servicio de farmacia, atenci\u00f3n domiciliaria).<\/li>\n<li>Facturaci\u00f3n por servicios.<\/li>\n<li>Los resultados de estudios de Laboratorio y\/o de Imagenolog\u00eda podr\u00e1n ser consultados a trav\u00e9s del folio que se les otorgue, as\u00ed como tambi\u00e9n se env\u00eda por correo electr\u00f3nico a la direcci\u00f3n que se proporcione.<\/li>\n<\/ul>\n<p>Finalidades Secundarias:<\/p>\n<ul>\n<li>Mejorar nuestros servicios, para brindar el nivel de atenci\u00f3n esperado y asegurarnos de que el sitio sea de su inter\u00e9s, a trav\u00e9s de encuestas de satisfacci\u00f3n para medir la calidad del servicio.<\/li>\n<li>Ofrecer servicios, as\u00ed como, informar sobre eventos, notificaci\u00f3n de promociones u ofertas, comunicaci\u00f3n con fines publicitarios, llamadas de telemarketing para ofrecer productos y\/o servicios nuevos, realizaci\u00f3n de encuestas para medir la satisfacci\u00f3n y\/o calidad del servicio, historial de h\u00e1bitos de consumo, intereses y comportamiento a trav\u00e9s de la navegaci\u00f3n en el sitio, uso y navegaci\u00f3n en nuestras redes sociales, programas de lealtad y campa\u00f1as por correo postal.<\/li>\n<\/ul>\n<p>Si no desea que sus datos personales sean utilizados para alguna de las finalidades secundarias por favor informe sobre su negativa al correo <a href=\"mailto:privacidad@hospitalsatelite.com\">privacidad@hospitalsatelite.com<\/a>.<\/p>\n<p><strong>Informaci\u00f3n personal de los ni\u00f1os<\/strong><\/p>\n<p>No se recopila de manera intencional, informaci\u00f3n personal de personas menores de 18 a\u00f1os de edad como padre o tutor legal, no permita que sus ni\u00f1os presenten informaci\u00f3n personal sin su autorizaci\u00f3n.<\/p>\n<p><strong>Divulgaci\u00f3n de informaci\u00f3n<\/strong><\/p>\n<p>A los usuarios de <a href=\"https:\/\/www.hospitalsatelite.com\/\">https:\/\/www.hospitalsatelite.com<\/a> se les informa que dicho sitio web genera datos estad\u00edsticos acumulativos sobre sus visitantes, h\u00e1bitos de consumos, comportamiento de navegaci\u00f3n y estos datos pudieran ser empleados para realizar investigaciones de mercado, campa\u00f1as publicitarias y otras actividades. Adem\u00e1s, es posible que https\/<a href=\"http:\/\/www.hospitalsatelite.com\/\">www.hospitalsatelite.com<\/a> comparta los con nuestros socios comerciales sobre promociones, empresas o publicidad.<\/p>\n<p>A pesar de su pol\u00edtica de privacidad de no divulgar los datos de identificaci\u00f3n personal a terceros, es posible que <a href=\"https:\/\/www.hospitalsatelite.com\/\">https:\/\/www.hospitalsatelite.com<\/a> divulgue dicha informaci\u00f3n en los siguientes casos:<\/p>\n<ol>\n<li>a) Que haya sido del dominio p\u00fablico antes de ser transmitido, antes de que le haya sido proporcionada;<\/li>\n<li>b) Que la difusi\u00f3n est\u00e9 autorizada por el titular de la informaci\u00f3n;<\/li>\n<li>c) Que deba ser revelado por requerimiento judicial o de autoridad competente al efecto.<\/li>\n<li>d) Que la informaci\u00f3n haya sido proporcionada por los diversos medios (electr\u00f3nicos y\/o impresos) o que ya se encontraba en posesi\u00f3n de terceros y<\/li>\n<li>e) Informaci\u00f3n general que no sea sujeta a protecci\u00f3n de conformidad con la legislaci\u00f3n de propiedad industrial o intelectual.<\/li>\n<\/ol>\n<p><strong>Medidas de seguridad<\/strong><\/p>\n<p>Corporativo Hospital Sat\u00e9lite, S.A. de C.V., mantiene los mecanismos de protecci\u00f3n adecuados para garantizar la seguridad, integridad y privacidad de la informaci\u00f3n proporcionada por sus usuarios en el sitio web. Cabe se\u00f1alar que Corporativo Hospital Sat\u00e9lite S. A. de C. V., no proporcionar\u00e1 a terceros estos datos sin el previo consentimiento del usuario.<\/p>\n<p>Corporativo Hospital Sat\u00e9lite, S.A. de C.V., tomar\u00e1 los recaudos necesarios para (1) proteger la informaci\u00f3n personal recopilada por medio de un acceso no autorizado, revelaci\u00f3n, alteraci\u00f3n o destrucci\u00f3n, y (2) mantener la informaci\u00f3n personal confiable y actualizada de acuerdo a la ley vigente.<\/p>\n<p>Para las transacciones en l\u00ednea, usamos tecnolog\u00eda de seguridad para proteger la informaci\u00f3n personal que nos transmita a trav\u00e9s de nuestro sitio web. Sin embargo, ning\u00fan sistema de seguridad o de transmisi\u00f3n de datos a trav\u00e9s de internet es cien por ciento seguro.<\/p>\n<p>Por su propia protecci\u00f3n y privacidad, lo invitamos a no incluir, en los mensajes de correo electr\u00f3nico que nos env\u00ede, informaci\u00f3n personal estrictamente confidencial. No env\u00ede n\u00fameros de tarjetas de cr\u00e9dito, el nombre de alg\u00fan padecimiento, ni otros datos personales.<\/p>\n<p><strong>Derechos que le corresponden al titular de los datos personales<\/strong><\/p>\n<p>Para <strong><u>ejercer el derecho ARCO<\/u><\/strong>: (Acceso, Rectificaci\u00f3n, Cancelaci\u00f3n y Oposici\u00f3n), que son los derechos que toda persona puede ejercer en relaci\u00f3n con el tratamiento de sus datos personales, es mediante una solicitud, dirigida al \u00e1rea de Estad\u00edstica y Archivo Cl\u00ednico al domicilio mencionado anteriormente o por correo electr\u00f3nico: <a href=\"mailto:privacidad@hospitalsatelite.com\">privacidad@hospitalsatelite.com<\/a> o v\u00eda telef\u00f3nica al 5550891410 ext. 2105 o 2603 de lunes a viernes de 9:00 a 16:00.<\/p>\n<p>Usted tiene derecho a <strong><u>revocar su consentimiento<\/u><\/strong> otorgado para tratar sus datos personales, mediante una solicitud, dirigida al \u00e1rea de Estad\u00edstica y Archivo Cl\u00ednico al domicilio mencionado anteriormente o por correo electr\u00f3nico: <a href=\"mailto:privacidad@hospitalsatelite.com\">privacidad@hospitalsatelite.com<\/a>. o v\u00eda telef\u00f3nica al 55.50.89.14.10 ext. 2105 o 2603 de lunes a viernes de 9:00 a 16:00 hrs.<\/p>\n<p>El Procedimiento para ejercer el derecho ARCO y\/o revocaci\u00f3n de consentimiento para el tratamiento de datos personales:<\/p>\n<ol>\n<li>Llenar la <strong>\u201cSolicitud para ejercer el Derecho de Acceso, Rectificaci\u00f3n, Cancelaci\u00f3n u Oposici\u00f3n (ARCO)\u201d, <\/strong>proporcionada por el \u00e1rea de Estad\u00edstica y Archivo Cl\u00ednico.<\/li>\n<li>Proporcionar documentos que acrediten identidad o autorizaci\u00f3n para representarlo a usted.<\/li>\n<li>Conforme a la Ley, se cuenta con un t\u00e9rmino de 20 (veinte) d\u00edas h\u00e1biles contados a partir de su solicitud, para informarle si su solicitud es procedente y, en caso de serlo, se cuenta con 15 (quince) d\u00edas h\u00e1biles para hacer efectivo el Derecho ARCO. Las respuestas podr\u00e1n enviarse v\u00eda correo electr\u00f3nico y\/o entregarse de forma personal. Se solicitar\u00e1 informaci\u00f3n o documentaci\u00f3n adicional, as\u00ed como el cotejo de los documentos que sustenten su solicitud, dentro de los cinco (5) d\u00edas h\u00e1biles siguientes a que la haya recibido y, en caso de que no haya respuesta a dicha petici\u00f3n dentro de los 10 (diez) d\u00edas h\u00e1biles siguientes a que se haya emitido, se tendr\u00e1 por no presentada la solicitud.<\/li>\n<li>Para hacer efectivo el Derecho ARCO, el plazo podr\u00e1 prorrogarse una sola vez por un periodo igual en caso de ser necesario, lo cual se har\u00e1 de su conocimiento.<\/li>\n<li>Corporativo Hospital Sat\u00e9lite, S. A. de C. V., podr\u00e1 negar el ejercicio del derecho ARCO cuando:<\/li>\n<li>El solicitante no sea el titular de los datos personales o no acredite debidamente la designaci\u00f3n de representante legal.<\/li>\n<li>En la base de datos, no se encuentren los datos personales del solicitante.<\/li>\n<li>Se lesionen los derechos de un tercero.<\/li>\n<li>Exista un impedimento legal, o la resoluci\u00f3n de una autoridad competente, que restrinja ejercer el derecho ARCO.<\/li>\n<li>La rectificaci\u00f3n, cancelaci\u00f3n u oposici\u00f3n haya sido previamente realizada.<\/li>\n<\/ol>\n<p>La negativa podr\u00e1 ser parcial, en cuyo caso Corporativo Hospital Sat\u00e9lite, S. A. de C. V., efectuar\u00e1 el acceso, rectificaci\u00f3n, cancelaci\u00f3n u oposici\u00f3n en la parte procedente.<\/p>\n<p><strong>Otra informaci\u00f3n que se recaba<\/strong><\/p>\n<p>El sitio web de Corporativo Hospital Sat\u00e9lite, S.A. de C.V., <a href=\"https:\/\/www.hospitalsatelite.com\/\">https:\/\/www.hospitalsatelite.com<\/a> podr\u00eda contener enlaces a otros sitios web, por lo que el sitio no podr\u00e1 controlar las pol\u00edticas de privacidad de esos sitios ni tampoco ser\u00e1 responsable de \u00e9stas.<\/p>\n<p>Por lo que, Corporativo Hospital Sat\u00e9lite, S. A. de C. V., recomienda que los usuarios de est\u00e9n conscientes de esta situaci\u00f3n cuando salgan de \u00e9l y lean las declaraciones de privacidad correspondientes de cada sitio web que visiten.<\/p>\n<p><strong>Informaci\u00f3n no personal<\/strong><\/p>\n<p>Cuando visite e interact\u00fae en <a href=\"https:\/\/www.hospitalsatelite.com\/\">https:\/\/www.hospitalsatelite.com<\/a>, Corporativo Hospital Sat\u00e9lite, S. A. de C. V., y terceros, podr\u00edan recopilar informaci\u00f3n no personal (por ejemplo, un cat\u00e1logo de las p\u00e1ginas del sitio que usted visite).<\/p>\n<p><strong>Cookies.<\/strong><\/p>\n<p>Nuestro sitio web, como muchos otros sitios, puede utilizar \u00abcookies\u00bb u otra tecnolog\u00eda para que nos ayude a brindarle contenido espec\u00edfico de acuerdo a sus intereses, para procesar sus reservas o pedidos y \/o analizar sus patrones de visitas y compra de productos. Las cookies por s\u00ed mismas no pueden ser usadas para revelar su identidad personal. Esta informaci\u00f3n identifica su navegador, pero no a usted, en nuestros servidores cuando visita nuestro sitio. Si en alg\u00fan momento desea eliminar las cookies de su computadora, puede borrarlas por medio de su navegador (consulte el men\u00fa de \u00abayuda\u00bb de su navegador para saber c\u00f3mo hacerlo).<\/p>\n<p>Tambi\u00e9n podemos recopilar datos si usamos las \u00abetiquetas de pixeles\u00bb, los \u00abmarcadores web\u00bb, \u00abgif transparentes\u00bb u otros medios similares (en su conjunto las \u00abetiquetas de pixeles\u00bb) que nos permiten saber cu\u00e1ndo visita nuestro sitio. A trav\u00e9s de las marcas de pixeles, obtenemos informaci\u00f3n no personal o agregamos informaci\u00f3n (es decir, el nombre de dominio, las \u00e1reas del sitio que visita, su sistema operativo, su versi\u00f3n de navegador y la direcci\u00f3n URL de donde vino) que puede ser usada para mejorar su experiencia en l\u00ednea y comprender los patrones de tr\u00e1fico.<\/p>\n<p>Adem\u00e1s, podemos registrar anunciantes de terceros para ofrecer avisos en los sitios. Tenga en cuenta que estos anunciantes de terceros tambi\u00e9n pueden usar cookies, etiqueta de pixeles y otras tecnolog\u00edas para permitir, entre otras cosas, que los anunciantes de terceros registren qu\u00e9 avisos ha visto su navegador y qu\u00e9 p\u00e1ginas del sitio pudo haber estado visualizando cuando fueron enviados los avisos. Corporativo Hospital Sat\u00e9lite, S. A. de C. V., no controla el uso de esta tecnolog\u00eda o la informaci\u00f3n resultante y no es responsable de ninguna acci\u00f3n o pol\u00edtica de dichos terceros.<\/p>\n<p>Debido a que la informaci\u00f3n no personal no lo identifica a usted personalmente, podemos usar o revelar dicha informaci\u00f3n para cualquier prop\u00f3sito. En algunas instancias, podemos combinar informaci\u00f3n no personal con informaci\u00f3n personal (por ejemplo, insertar direcciones de correo electr\u00f3nico en las cookies). Si combinamos alguna informaci\u00f3n no personal con informaci\u00f3n personal, la informaci\u00f3n combinada se tratar\u00e1 como informaci\u00f3n personal de acuerdo a nuestra Pol\u00edtica de privacidad.<\/p>\n<p><strong>Recursos Humanos<\/strong><\/p>\n<p>En el proceso de reclutamiento y selecci\u00f3n es necesario que env\u00ede su Curr\u00edculum Vitae a trav\u00e9s de la secci\u00f3n men\u00fa en el apartado \u201cBolsa de Trabajo\u201d. La informaci\u00f3n que proporcione dentro de este formato ser\u00e1 utilizada para evaluar posibles candidatos que pudieran cubrir alg\u00fan puesto dentro de la organizaci\u00f3n. Al momento en que ingrese dicha informaci\u00f3n en nuestro portal, autoriza a Corporativo Hospital Sat\u00e9lite, S. A. de C. V., para enviar el Curr\u00edculum Vitae a otros grupos de intercambio de selecci\u00f3n y reclutamiento de personal. El tratamiento y las medidas de seguridad que daremos a los datos curriculares y personales que nos facilite en este sitio web est\u00e1n detallados en el apartado \u00abPol\u00edtica de privacidad\u00bb que se encuentra en esta misma p\u00e1gina.<\/p>\n<p><strong>Modificaciones sobre el Aviso de Privacidad<\/strong><\/p>\n<p>Cuando se realicen cambios significativos, enviaremos la pol\u00edtica revisada a la p\u00e1gina de inicio de nuestro sitio. El uso de este sitio a partir de estos cambios constituye su aceptaci\u00f3n de la Pol\u00edtica revisada que entre en efecto.<\/p>\n<p><strong>Aceptaci\u00f3n del Aviso de Privacidad<\/strong><\/p>\n<p>Al visitar y utilizar el sitio web de Corporativo Hospital Sat\u00e9lite, S. A. de C. V., usted est\u00e1 aceptando la Pol\u00edtica de Privacidad. Si no acepta esta Pol\u00edtica, no utilice el sitio web.<\/p>\n<p>El uso continuo del sitio implica que usted acepta esta Pol\u00edtica y cualquier modificaci\u00f3n de la misma. El sitio web <a href=\"https:\/\/www.hospitalsatelite.com\/\">https:\/\/www.hospitalsatelite.com<\/a> se reserva el derecho de modificar esta Pol\u00edtica en cualquier momento. Esta Pol\u00edtica no crea ning\u00fan derecho legal o contractual, ni pretende hacerlo en nombre de, ni en beneficio de ninguna instituci\u00f3n.<\/p>\n<p><strong>Duda<\/strong><\/p>\n<p>Si tiene alguna duda sobre esta Pol\u00edtica, o sobre c\u00f3mo Corporativo Hospital Sat\u00e9lite, S. A. de C.V., procesa su informaci\u00f3n personal, por favor cont\u00e1ctenos por correo electr\u00f3nico a <a href=\"mailto:privacidad@hospitalsatelite.com\">privacidad@hospitalsatelite.com<\/a>.<\/p>\n<p>Fecha de actualizaci\u00f3n: <strong>marzo 2021.<\/strong><\/p>\n","protected":false},"excerpt":{"rendered":"<p>Aviso de Privacidad Corporativo Hospital Sat\u00e9lite S.A. de C.V. &nbsp; Corporativo Hospital Sat\u00e9lite, S. A. de C. V., con domicilio en: Circuito Misioneros n\u00famero 5, Ciudad Sat\u00e9lite, C.P. 53100, Naucalpan&#8230;<\/p>\n","protected":false},"author":1,"featured_media":0,"parent":0,"menu_order":0,"comment_status":"closed","ping_status":"closed","template":"","meta":{"footnotes":""},"class_list":["post-408","page","type-page","status-publish"],"_links":{"self":[{"href":"https:\/\/healthcare-tourism.com\/es\/wp-json\/wp\/v2\/pages\/408","targetHints":{"allow":["GET"]}}],"collection":[{"href":"https:\/\/healthcare-tourism.com\/es\/wp-json\/wp\/v2\/pages"}],"about":[{"href":"https:\/\/healthcare-tourism.com\/es\/wp-json\/wp\/v2\/types\/page"}],"author":[{"embeddable":true,"href":"https:\/\/healthcare-tourism.com\/es\/wp-json\/wp\/v2\/users\/1"}],"replies":[{"embeddable":true,"href":"https:\/\/healthcare-tourism.com\/es\/wp-json\/wp\/v2\/comments?post=408"}],"version-history":[{"count":10,"href":"https:\/\/healthcare-tourism.com\/es\/wp-json\/wp\/v2\/pages\/408\/revisions"}],"predecessor-version":[{"id":615,"href":"https:\/\/healthcare-tourism.com\/es\/wp-json\/wp\/v2\/pages\/408\/revisions\/615"}],"wp:attachment":[{"href":"https:\/\/healthcare-tourism.com\/es\/wp-json\/wp\/v2\/media?parent=408"}],"curies":[{"name":"wp","href":"https:\/\/api.w.org\/{rel}","templated":true}]}}